{"id":16,"date":"2014-07-22T17:41:21","date_gmt":"2014-07-22T17:41:21","guid":{"rendered":"http:\/\/slo5.net\/wordpress\/?page_id=16"},"modified":"2014-09-18T22:52:28","modified_gmt":"2014-09-18T20:52:28","slug":"pravno-obvestilo","status":"publish","type":"page","link":"https:\/\/areafilm.si\/wordpress\/pravno-obvestilo\/","title":{"rendered":"Pravno obvestilo"},"content":{"rendered":"<p><strong>Zasebnost uporabnikov<\/strong><\/p>\n<p>Spletno mesto Primorski utrip lahko uporablja pi\u0161kotke. To so majhne tekstovne datoteke, ki jih stre\u017enik po\u0161lje na uporabnikov brskalnik z namenom delovanja storitev, ki brez tega ne bi bile mogo\u010de, statisti\u010dnih analiz in prikaza multimedijskih vsebin.<\/p>\n<p>Spletno mesto trenutno uporablja slede\u010de pi\u0161kotke:<\/p>\n<ul>\n<li>Ime pi\u0161kotka: complianceCookie<br \/>\nNamen: Za prikaz in nastavitve uporabe pi\u0161kotkov.<br \/>\nTrajanje: 30 dni<br \/>\nPodjetje: Shopping Network<\/li>\n<\/ul>\n<ul>\n<li>Ime pi\u0161kotka: GPS; PREF; VISITOR_INFO1_LIVE; use_hitbox<br \/>\nNamen: Pi\u0161kotek po\u0161lje Youtube za namene analitike in obogatitve uporabni\u0161ke izku\u0161nje, \u010de je na spletnem mestu objavljen Youtube videoposnetek.<br \/>\nTrajanje: Podatek je na voljo <a href=\"http:\/\/www.google.com\/policies\/technologies\/types\/\" target=\"_blank\">na spletni strani Googla<\/a><br \/>\nPodjetje: Google (Youtube)<\/li>\n<\/ul>\n<ul>\n<li>Ime pi\u0161kotka: _utma; _utmb; _utmc; _utmv; _utmz; _autvc; _utmmobile<br \/>\nNamen: Za spletno analitiko in statisti\u010dne raziskave o uporabi spletnega mesta.<br \/>\nTrajanje: Podatek je na voljo <a href=\"https:\/\/developers.google.com\/analytics\/devguides\/collection\/analyticsjs\/cookie-usage\" target=\"_blank\">na spletni strani Googla<\/a><br \/>\nPodjetje: Google<\/li>\n<\/ul>\n<p>Nastavitve za pi\u0161kotke lahko nadzirate in spreminjate v va\u0161em spletnem brskalniku. Za informacije o nastavitvah za pi\u0161kotke izberite spletni brskalnik, ki ga uporabljate.<\/p>\n<ul>\n<li><a href=\"http:\/\/windows.microsoft.com\/sl-si\/windows7\/how-to-manage-cookies-in-internet-explorer-9\">Internet Explorer 9<\/a><\/li>\n<li><a href=\"http:\/\/windows.microsoft.com\/sl-si\/windows-vista\/block-or-allow-cookies\">Internet Explorer 7 in 8<\/a><\/li>\n<li><a href=\"https:\/\/support.google.com\/chrome\/answer\/95647?hl=sl-sl&amp;p=cpn_cookies\">Chrome<\/a><\/li>\n<li><a href=\"http:\/\/support.mozilla.org\/sl\/kb\/kako-omogocite-onemogocite-piskote-v-katerih-splet\">Firefox<\/a><\/li>\n<li><a href=\"http:\/\/www.opera.com\/help\/tutorials\/security\/cookies\/\">Opera (stran v angle\u0161kem jeziku)<\/a><\/li>\n<li><a href=\"http:\/\/support.apple.com\/kb\/PH11913\">Safari (stran v angle\u0161kem jeziku)<\/a><\/li>\n<\/ul>\n<p>&nbsp;<\/p>\n<p><strong>Avtorske pravice<\/strong><\/p>\n<p>Vsebine na spletnem mestu Primorski utrip so avtorsko za\u0161\u010ditene. \u010ce jih \u017eelite uporabiti v va\u0161em mediju, nas prosimo kontaktirajte na <a href=\"mailto:urednistvo@slo5.net\">urednistvo@slo5.net<\/a>.<\/p>\n","protected":false},"excerpt":{"rendered":"<p>Zasebnost uporabnikov Spletno mesto Primorski utrip lahko uporablja pi\u0161kotke. To so majhne tekstovne datoteke, ki&#8230;<\/p>\n","protected":false},"author":4,"featured_media":0,"parent":0,"menu_order":0,"comment_status":"open","ping_status":"open","template":"","meta":{"footnotes":""},"class_list":["post-16","page","type-page","status-publish","hentry"],"_links":{"self":[{"href":"https:\/\/areafilm.si\/wordpress\/wp-json\/wp\/v2\/pages\/16","targetHints":{"allow":["GET"]}}],"collection":[{"href":"https:\/\/areafilm.si\/wordpress\/wp-json\/wp\/v2\/pages"}],"about":[{"href":"https:\/\/areafilm.si\/wordpress\/wp-json\/wp\/v2\/types\/page"}],"author":[{"embeddable":true,"href":"https:\/\/areafilm.si\/wordpress\/wp-json\/wp\/v2\/users\/4"}],"replies":[{"embeddable":true,"href":"https:\/\/areafilm.si\/wordpress\/wp-json\/wp\/v2\/comments?post=16"}],"version-history":[{"count":10,"href":"https:\/\/areafilm.si\/wordpress\/wp-json\/wp\/v2\/pages\/16\/revisions"}],"predecessor-version":[{"id":444,"href":"https:\/\/areafilm.si\/wordpress\/wp-json\/wp\/v2\/pages\/16\/revisions\/444"}],"wp:attachment":[{"href":"https:\/\/areafilm.si\/wordpress\/wp-json\/wp\/v2\/media?parent=16"}],"curies":[{"name":"wp","href":"https:\/\/api.w.org\/{rel}","templated":true}]}}