{"id":599,"date":"2014-09-29T20:50:57","date_gmt":"2014-09-29T18:50:57","guid":{"rendered":"http:\/\/slo5.net\/wordpress\/?page_id=599"},"modified":"2017-04-18T11:36:22","modified_gmt":"2017-04-18T09:36:22","slug":"tiskana-izdaja","status":"publish","type":"page","link":"https:\/\/areafilm.si\/wordpress\/tiskana-izdaja\/","title":{"rendered":"Tiskana izdaja"},"content":{"rendered":"<h5>Tukaj lahko preberete zadnjo\u00a0tiskano izdajo Primorskega utripa:<\/h5>\n<p>&nbsp;<\/p>\n<p><iframe loading=\"lazy\" src=\"\/\/e.issuu.com\/embed.html#13763697\/47455310\" width=\"525\" height=\"400\" frameborder=\"0\" allowfullscreen=\"allowfullscreen\"><\/iframe><\/p>\n<p>&nbsp;<\/p>\n<h5><strong>Tiskani izvod lahko dobite na naslednjih lokacijah:<\/strong><\/h5>\n<ul>\n<li><strong>Koper &#8211; Center<\/strong>: Aegida, Azami, Azzurro bar, Bander, Bar Battirame, Bar Lord Byron, Bistro Admiral, Bomboniera, Bonaca, Bos, Cafe Calypso, Casa Veneziana, Circolo, Cityburger, Costadoro, \u010cakula Bar, Forum, Garibaldi caffe, Glacial, Harvey Norman, Havana club, Kameral, Kava Bar Son\u010dek, Kavarna Kapitanija, Kepica, Kro\u0161tola, Loggia caffe, Mercatino, Moving, Museum, Okrep\u010devalnica Pr&#8217;Bep\u010da, OMV BS Koper Terminal, Oro Cafe, Pandolo, Park, Pivnica Gortanov trg, Pizzeria Grill House Speed, Pizzerija Atrij, Pralnica (pri Videocentru), Rotonda, Spot bar, Storia, Tina bar, Trend\u2019s Caffe, Trucker.<\/li>\n<\/ul>\n<ul>\n<li><strong>Koper &#8211; Markovec<\/strong>: Annis cafe, Insieme, Pekarna Markovec, Sea Mans.<\/li>\n<\/ul>\n<ul>\n<li><strong>Koper &#8211; Semedela<\/strong>: Kava bar pri Vinopiji, Mandra\u010d Semedela, Okrep\u010devalnica Veni, Rifugio.<\/li>\n<\/ul>\n<ul>\n<li><strong>Koper &#8211; \u0160alara<\/strong>: Bellavita bar, Santana.<\/li>\n<\/ul>\n<ul>\n<li><strong>Izola<\/strong>: Bar El Cantante, Fast Food Veni, Frizerski salon &#8220;Alen&#8221;, Gostilna Bujol, Gostilna Piratburger, Gostilna Solata (Livade), Kava bar Aladino, Kava bar Bariera, Kava bar Mariza, Kava bar News, Stella bar,Kava bar Oljka, Kava bar Petka, Kava bar Royal, Kava Bar \u0160aredin (\u0160ared), Kavarna Zvon, Okrep\u010devalnica Biser (Pumpa pri Zvonetu), Portofino Cafe, Pralnica Ester, The Wall Pub, Winch bar, Wine bar Zaro.<\/li>\n<\/ul>\n<ul>\n<li><strong>Lucija:<\/strong>\u00a0Cafe bar Rosi, Bar Figa, Bar \u017doga, Blu bar, Bon Cafe, Capucino, Domen Bar, Ernestino, Latino, Okrep\u010devalnica Mediterraneo (pri Bo\u0161kotu), Point Bar, Pool bar, \u0160il\u010dek, Zdravstveni dom.<\/li>\n<\/ul>\n<ul>\n<li><strong>Portoro\u017e:<\/strong> Ma\u017einin, Mignon, Na\u0161a pekarna, News Cafe Bernardin, OMV Bernardin.<\/li>\n<\/ul>\n<ul>\n<li><strong>Piran:<\/strong>\u00a0\u010cakola, Caffe Neptun, Cafinho, \u010cevabd\u017einica Sarajevo 84, Gosti\u0161\u010de Pirat, Kavarna Tartini, Pizzeria Batana, Zdravstveni dom Piran.<\/li>\n<\/ul>\n<ul>\n<li><strong>Strunjan:<\/strong> Gostilna pod trto.<\/li>\n<\/ul>\n<ul>\n<li><strong>Ankaran:<\/strong> Bandima, kavarna@net, Korta, Pekarna &#8211; sla\u0161\u010di\u010darna Aria, Pizzeria Oliva, Frizerski salon 3B.<\/li>\n<\/ul>\n<ul>\n<li><strong>Se\u017eana:<\/strong> Azimut caffe, Bar 1, Bar Clinton, Bar Pralnica, Bar Valter, Bi Pub, Bolni\u0161nica Se\u017eana, \u010cebelarstvo Mali (Tu\u0161), Hotel Tabor, Kavabar Metulj\u010dek, NC Karsika, Okrep\u010devalnica Center, Sla\u0161\u010di\u010darna Matja\u017e.<\/li>\n<li><strong>Gori\u0161ka Brda:<\/strong> &#8220;Pri Bregarju&#8221; (Podsabotin), Diablo bar (Hum), Gostilna Bu\u017einel (Ple\u0161ivo), Bu-Sko (Medana), Gosti\u0161\u010de Turn (\u0160martno), Gosti\u0161\u010de pri Marjotu (Gonja\u010de), Picerija BelVin (Ple\u0161ivo), Okrep\u010devalnica Lipa (Hru\u0161evlje)<\/li>\n<li><strong>Nova Gorica:<\/strong> Uni Bar, Bar Vogal, Artur Bar, Kavarna Rusjan, Derbi Bar, Gol Bar.<\/li>\n<li><strong>Solkan:<\/strong> Arena Bar.<\/li>\n<li><strong>\u0160empeter:<\/strong> Restavracija Bar Lipa, Pivnica pri Po\u0161ti, Mlin\u010dek.<\/li>\n<li><strong>Deskle:<\/strong> Okrep\u010devalnica \u0160pik<\/li>\n<li><strong>Kanal:<\/strong> Gosti\u0161\u010de Kri\u017eni\u010d, Okrep\u010devalnica Rafaelo<\/li>\n<li><strong>Most na So\u010di:<\/strong> Gostilna &#8220;Pri \u0160tefanu&#8221;<\/li>\n<li><strong>Cerkno:<\/strong> Okrep\u010devalnica Kurn&#8217;k<\/li>\n<li><strong>Vrtojba:<\/strong> Luna bar.<\/li>\n<li><strong>Ajdov\u0161\u010dina:<\/strong> Bife Vogal<\/li>\n<li><strong>Idrija:<\/strong> Arena Center, Arena bar, Kavarna Beem No.2, Kava bar 3&#215;3, Galerija bar, Bar tivoli, Bar 013.<\/li>\n<li><strong>Bovec:\u00a0<\/strong>\u010crna ovca, Bar Remont, Gostilna pod Lipco<\/li>\n<\/ul>\n<p><span style=\"color: #ffffff;\">\u00a0.<\/span><\/p>\n<h5><strong>Arhiv izdaj v obliki PDF:<\/strong><\/h5>\n<ul>\n<li><strong><a href=\"http:\/\/slo5.net\/wordpress\/tiskana_izdaja\/Primorski_utrip_2017-04.pdf\">Primorski utrip april\u00a02017<\/a><\/strong><\/li>\n<li><strong><a href=\"http:\/\/slo5.net\/wordpress\/tiskana_izdaja\/Primorski_utrip_2017-02.pdf\">Primorski utrip februar\u00a02017<\/a><\/strong><\/li>\n<li><strong><a href=\"http:\/\/slo5.net\/wordpress\/tiskana_izdaja\/Primorski_utrip_2017-01.pdf\">Primorski utrip januar 2017<\/a><\/strong><\/li>\n<li><strong><a href=\"http:\/\/slo5.net\/wordpress\/tiskana_izdaja\/Primorski_utrip_2016-12.pdf\">Primorski utrip december\u00a02016<\/a><\/strong><\/li>\n<li><strong><a href=\"http:\/\/slo5.net\/wordpress\/tiskana_izdaja\/Primorski_utrip_2016-11.pdf\">Primorski utrip november\u00a02016<\/a><\/strong><\/li>\n<li><strong><a href=\"http:\/\/slo5.net\/wordpress\/tiskana_izdaja\/Primorski_utrip_2016-10.pdf\">Primorski utrip oktober\u00a02016<\/a><\/strong><\/li>\n<li><strong><a href=\"http:\/\/slo5.net\/wordpress\/tiskana_izdaja\/Primorski_utrip_2016-09.pdf\">Primorski utrip september 2016<\/a><\/strong><\/li>\n<li><a href=\"http:\/\/slo5.net\/wordpress\/tiskana_izdaja\/Primorski_utrip_2016-08.pdf\"><strong>Primorski utrip avgust 2016<\/strong><\/a><\/li>\n<li><strong><a href=\"http:\/\/slo5.net\/wordpress\/tiskana_izdaja\/Primorski_utrip_2016-07.pdf\">Primorski utrip julij 2016<\/a><\/strong><\/li>\n<li><a href=\"http:\/\/slo5.net\/wordpress\/tiskana_izdaja\/Primorski_utrip_2016-03.pdf\" target=\"_blank\"><strong>Primorski utrip junij\u00a02016<\/strong><\/a><\/li>\n<li><strong><a href=\"http:\/\/slo5.net\/wordpress\/tiskana_izdaja\/Primorski_utrip_2016-05.pdf\">Primorski utrip maj 2016<\/a><\/strong><\/li>\n<li><strong><a href=\"http:\/\/slo5.net\/wordpress\/tiskana_izdaja\/Primorski_utrip_2016-04.pdf\">Primorski utrip april 2016<\/a><\/strong><\/li>\n<li><strong><a href=\"http:\/\/slo5.net\/wordpress\/tiskana_izdaja\/Primorski_utrip_2016-03.pdf\">Primorski utrip marec 2016<\/a><\/strong><\/li>\n<li><a href=\"http:\/\/slo5.net\/wordpress\/tiskana_izdaja\/Primorski_utrip_2016-02.pdf\" target=\"_blank\"><strong>Primorski utrip februar 2016<\/strong><\/a><\/li>\n<li><a href=\"http:\/\/slo5.net\/wordpress\/tiskana_izdaja\/Primorski_utrip_2016-01.pdf\" target=\"_blank\"><strong>Primorski utrip januar 2016<\/strong><\/a><\/li>\n<li><a href=\"http:\/\/slo5.net\/wordpress\/tiskana_izdaja\/Primorski_utrip_2015-12.pdf\" target=\"_blank\"><strong>Primorski utrip december 2015<\/strong><\/a><\/li>\n<li><a href=\"http:\/\/slo5.net\/wordpress\/tiskana_izdaja\/Primorski_utrip_2015-11.pdf\" target=\"_blank\"><strong>Primorski utrip november 2015<\/strong><\/a><\/li>\n<li><a href=\"http:\/\/slo5.net\/wordpress\/tiskana_izdaja\/Primorski_utrip_2015-10.pdf\" target=\"_blank\"><strong>Primorski utrip oktober 2015<\/strong><\/a><\/li>\n<li><a href=\"http:\/\/slo5.net\/wordpress\/tiskana_izdaja\/Primorski_utrip_2015-09.pdf\" target=\"_blank\"><strong>Primorski utrip september 2015<\/strong><\/a><\/li>\n<li><a href=\"http:\/\/slo5.net\/wordpress\/tiskana_izdaja\/Primorski_utrip_2015-07.pdf\" target=\"_blank\"><strong>Primorski utrip julij &#8211; avgust 2015<\/strong><\/a><\/li>\n<li><a href=\"http:\/\/slo5.net\/wordpress\/tiskana_izdaja\/Primorski_utrip_2015-06.pdf\" target=\"_blank\"><strong>Primorski utrip junij 2015<\/strong><\/a><\/li>\n<li><a href=\"http:\/\/slo5.net\/wordpress\/tiskana_izdaja\/Primorski_utrip_2015-05.pdf\" target=\"_blank\"><strong>Primorski utrip maj 2015<\/strong><\/a><\/li>\n<li><a href=\"http:\/\/slo5.net\/wordpress\/tiskana_izdaja\/Primorski_utrip_2015-04.pdf\" target=\"_blank\"><strong>Primorski utrip april 2015<\/strong><\/a><\/li>\n<li><a href=\"http:\/\/slo5.net\/wordpress\/tiskana_izdaja\/Primorski_utrip_2015-03.pdf\" target=\"_blank\"><strong>Primorski utrip marec 2015<\/strong><\/a><\/li>\n<li><a href=\"http:\/\/slo5.net\/wordpress\/tiskana_izdaja\/Primorski_utrip_2015-02.pdf\" target=\"_blank\"><strong>Primorski utrip februar 2015<\/strong><\/a><\/li>\n<li><a href=\"http:\/\/slo5.net\/wordpress\/tiskana_izdaja\/Primorski_utrip_2015-01.pdf\" target=\"_blank\"><strong>Primorski utrip januar 2015<\/strong><\/a><\/li>\n<li><a href=\"http:\/\/slo5.net\/wordpress\/tiskana_izdaja\/Primorski_utrip_2014-12.pdf\" target=\"_blank\"><strong>Primorski utrip december 2014<\/strong><\/a><\/li>\n<li><a href=\"http:\/\/slo5.net\/wordpress\/tiskana_izdaja\/Primorski_utrip_2014-11.pdf\" target=\"_blank\"><strong>Primorski utrip november 2014<\/strong><\/a><\/li>\n<li><a href=\"http:\/\/slo5.net\/wordpress\/tiskana_izdaja\/Primorski_utrip_2014-10.pdf\" target=\"_blank\"><strong>Primorski utrip oktober 2014<\/strong><\/a><\/li>\n<\/ul>\n","protected":false},"excerpt":{"rendered":"<p>Tukaj lahko preberete zadnjo\u00a0tiskano izdajo Primorskega utripa: &nbsp; &nbsp; Tiskani izvod lahko dobite na naslednjih&#8230;<\/p>\n","protected":false},"author":4,"featured_media":0,"parent":0,"menu_order":0,"comment_status":"closed","ping_status":"closed","template":"","meta":{"footnotes":""},"class_list":["post-599","page","type-page","status-publish","hentry"],"_links":{"self":[{"href":"https:\/\/areafilm.si\/wordpress\/wp-json\/wp\/v2\/pages\/599","targetHints":{"allow":["GET"]}}],"collection":[{"href":"https:\/\/areafilm.si\/wordpress\/wp-json\/wp\/v2\/pages"}],"about":[{"href":"https:\/\/areafilm.si\/wordpress\/wp-json\/wp\/v2\/types\/page"}],"author":[{"embeddable":true,"href":"https:\/\/areafilm.si\/wordpress\/wp-json\/wp\/v2\/users\/4"}],"replies":[{"embeddable":true,"href":"https:\/\/areafilm.si\/wordpress\/wp-json\/wp\/v2\/comments?post=599"}],"version-history":[{"count":112,"href":"https:\/\/areafilm.si\/wordpress\/wp-json\/wp\/v2\/pages\/599\/revisions"}],"predecessor-version":[{"id":4928,"href":"https:\/\/areafilm.si\/wordpress\/wp-json\/wp\/v2\/pages\/599\/revisions\/4928"}],"wp:attachment":[{"href":"https:\/\/areafilm.si\/wordpress\/wp-json\/wp\/v2\/media?parent=599"}],"curies":[{"name":"wp","href":"https:\/\/api.w.org\/{rel}","templated":true}]}}