{"id":82,"date":"2014-07-25T16:34:26","date_gmt":"2014-07-25T16:34:26","guid":{"rendered":"http:\/\/slo5.net\/wordpress\/?page_id=82"},"modified":"2017-01-06T21:31:33","modified_gmt":"2017-01-06T20:31:33","slug":"kolofon","status":"publish","type":"page","link":"https:\/\/areafilm.si\/wordpress\/kolofon\/","title":{"rendered":"Kolofon"},"content":{"rendered":"<table border=\"0\" width=\"600\" cellpadding=\"20\">\n<tbody>\n<tr>\n<td width=\"255\">\n<p style=\"text-align: left;\"><strong>Izdajatelj:<\/strong><\/p>\n<p style=\"text-align: left;\">Areagroup,medijska hi\u0161a d.o.o.<br \/>\nParecag 55<br \/>\n6333 Se\u010dovlje-Sicciole<\/p>\n<p style=\"text-align: left;\">Mati\u010dna \u0161t.:\u00a06446485000<br \/>\nD\u0160: 16634977<\/p>\n<p style=\"text-align: left;\"><strong>Kontakt:<\/strong><\/p>\n<p style=\"text-align: left;\">E: <a href=\"mailto:info@slo5.net\">info@slo5.net<\/a><br \/>\nT: 05\/65 20 530<br \/>\nF: 05\/65 20 531<\/p>\n<\/td>\n<td width=\"255\">\n<p style=\"text-align: left;\"><strong>Naslov uredni\u0161tva:<\/strong><\/p>\n<p style=\"text-align: left;\">Primorski utrip<br \/>\nLiminjanska cesta 96<br \/>\n6320 Portoro\u017e<\/p>\n<p style=\"text-align: left;\">Odgovorni urednik:\u00a0Aleksander Golob<\/p>\n<p style=\"text-align: left;\"><strong>Kontakt uredni\u0161tva:<\/strong><\/p>\n<p style=\"text-align: left;\">E: <a href=\"mailto:urednistvo@slo5.net\">urednistvo@slo5.net<\/a><\/p>\n<p style=\"text-align: left;\"><span style=\"color: #ffffff;\">.<\/span><\/p>\n<p style=\"text-align: left;\"><span style=\"color: #ffffff;\">.<\/span><\/p>\n<p style=\"text-align: left;\">\n<\/td>\n<\/tr>\n<\/tbody>\n<\/table>\n<p>&nbsp;<\/p>\n","protected":false},"excerpt":{"rendered":"<p>Izdajatelj: Areagroup,medijska hi\u0161a d.o.o. Parecag 55 6333 Se\u010dovlje-Sicciole Mati\u010dna \u0161t.:\u00a06446485000 D\u0160: 16634977 Kontakt: E: info@slo5.net&#8230;<\/p>\n","protected":false},"author":4,"featured_media":0,"parent":0,"menu_order":0,"comment_status":"closed","ping_status":"closed","template":"","meta":{"footnotes":""},"class_list":["post-82","page","type-page","status-publish","hentry"],"_links":{"self":[{"href":"https:\/\/areafilm.si\/wordpress\/wp-json\/wp\/v2\/pages\/82","targetHints":{"allow":["GET"]}}],"collection":[{"href":"https:\/\/areafilm.si\/wordpress\/wp-json\/wp\/v2\/pages"}],"about":[{"href":"https:\/\/areafilm.si\/wordpress\/wp-json\/wp\/v2\/types\/page"}],"author":[{"embeddable":true,"href":"https:\/\/areafilm.si\/wordpress\/wp-json\/wp\/v2\/users\/4"}],"replies":[{"embeddable":true,"href":"https:\/\/areafilm.si\/wordpress\/wp-json\/wp\/v2\/comments?post=82"}],"version-history":[{"count":11,"href":"https:\/\/areafilm.si\/wordpress\/wp-json\/wp\/v2\/pages\/82\/revisions"}],"predecessor-version":[{"id":4747,"href":"https:\/\/areafilm.si\/wordpress\/wp-json\/wp\/v2\/pages\/82\/revisions\/4747"}],"wp:attachment":[{"href":"https:\/\/areafilm.si\/wordpress\/wp-json\/wp\/v2\/media?parent=82"}],"curies":[{"name":"wp","href":"https:\/\/api.w.org\/{rel}","templated":true}]}}